{"id":3122,"date":"2017-06-06T10:41:34","date_gmt":"2017-06-06T10:41:34","guid":{"rendered":"http:\/\/vidacityspa.com\/wp\/?page_id=3122"},"modified":"2019-12-02T01:23:44","modified_gmt":"2019-12-02T01:23:44","slug":"pack-noivos","status":"publish","type":"page","link":"https:\/\/vidacityspa.com\/wp\/pack-noivos\/","title":{"rendered":"Pack Noivos"},"content":{"rendered":"<div  class=\"one withsmallpadding ppb_header \" style=\"text-align:left;padding:30px 0 30px 0;\" >\n<div class=\"standard_wrapper\">\n<div class=\"page_content_wrapper wide\">\n<div class=\"inner\">\n<div style=\"margin:auto;width:100%\">\n<h2 class=\"ppb_title\" style=\"\">PARA ELA&#8230;<\/h2>\n<div class=\"ppb_header_content\">\n<p style=\"text-align: center;\">PACK NOIVA DIAMOND<br \/>\nMake Up Ensaio, Make Up Noiva, Extens\u00e3o de Pestanas, Tratamento Rosto Espec\u00edficio, Pedicure e Manicure com verniz Gel<br \/>\nMassagem Relax e Depila\u00e7\u00e3o completa<\/p>\n<p style=\"text-align: center;\">PACK NOIVA GOLD<br \/>\nMake Up Ensaio, Make Up Noiva, Tratamento Rosto, Pedicure e Manicure, Massagem Relax e Depila\u00e7\u00e3o completa<\/p>\n<p style=\"text-align: center;\">PACK NOIVA PLATINA<br \/>\nMake Up Ensaio, Make Up Noiva, Hidrata\u00e7\u00e3o e Tratamento Rosto, Pedicure e Manicure, Massagem Relax e Depila\u00e7\u00e3o completa<\/p>\n<p>PACK NOIVA SILVER<br \/>\nMake Up Ensaio, Make Up Noiva, Hidrata\u00e7\u00e3o e Revitaliza\u00e7\u00e3o Rosto, Pedicure e Manicure, Massagem Relax e Depila\u00e7\u00e3o completa<\/p>\n<p style=\"text-align: center;\">PACK NOIVA BRONZE<br \/>\nMake Up Ensaio, Make Up Noiva, Hidrata\u00e7\u00e3o e Revitaliza\u00e7\u00e3o Rosto, Pedicure e Manicure e Depila\u00e7\u00e3o completa<br \/>\n<\/h3<\/p>\n<\/div>\n<\/div>\n<\/div>\n<\/div>\n<\/div>\n<\/div>\n<div  class=\"one withsmallpadding ppb_header \" style=\"text-align:left;padding:30px 0 30px 0;\" >\n<div class=\"standard_wrapper\">\n<div class=\"page_content_wrapper wide\">\n<div class=\"inner\">\n<div style=\"margin:auto;width:100%\">\n<h2 class=\"ppb_title\" style=\"\">PARA ELE&#8230;<\/h2>\n<div class=\"ppb_header_content\">\n<p style=\"text-align: center;\">PACK NOIVO GOLD<br \/>\nPedicure, Manicure, Tratamento de Rosto e Massagem Relax<\/p>\n<p style=\"text-align: center;\">PACK NOIVO SILVER<br \/>\nPedicure, Manicure, Hidrata\u00e7\u00e3o e Revit. Rosto, Massagem Relax<\/p>\n<p style=\"text-align: center;\">PACK NOIVO BRONZE<br \/>\nPedicure, Manicure, Hidrata\u00e7\u00e3o e Revistaliza\u00e7\u00e3o Rosto e Massagem Dorsal<\/p>\n<\/div>\n<\/div>\n<\/div>\n<\/div>\n<\/div>\n<\/div>\n","protected":false},"excerpt":{"rendered":"<p>PARA ELA&#8230; PACK NOIVA DIAMOND Make Up Ensaio, Make Up Noiva, Extens\u00e3o de Pestanas, Tratamento Rosto Espec\u00edficio, Pedicure e Manicure com verniz Gel Massagem Relax e Depila\u00e7\u00e3o completa PACK NOIVA GOLD Make Up Ensaio, Make Up Noiva, Tratamento Rosto, Pedicure [&hellip;]<\/p>\n","protected":false},"author":1,"featured_media":6246,"parent":0,"menu_order":0,"comment_status":"closed","ping_status":"closed","template":"","meta":{"footnotes":""},"class_list":["post-3122","page","type-page","status-publish","has-post-thumbnail","hentry"],"_links":{"self":[{"href":"https:\/\/vidacityspa.com\/wp\/wp-json\/wp\/v2\/pages\/3122","targetHints":{"allow":["GET"]}}],"collection":[{"href":"https:\/\/vidacityspa.com\/wp\/wp-json\/wp\/v2\/pages"}],"about":[{"href":"https:\/\/vidacityspa.com\/wp\/wp-json\/wp\/v2\/types\/page"}],"author":[{"embeddable":true,"href":"https:\/\/vidacityspa.com\/wp\/wp-json\/wp\/v2\/users\/1"}],"replies":[{"embeddable":true,"href":"https:\/\/vidacityspa.com\/wp\/wp-json\/wp\/v2\/comments?post=3122"}],"version-history":[{"count":68,"href":"https:\/\/vidacityspa.com\/wp\/wp-json\/wp\/v2\/pages\/3122\/revisions"}],"predecessor-version":[{"id":6824,"href":"https:\/\/vidacityspa.com\/wp\/wp-json\/wp\/v2\/pages\/3122\/revisions\/6824"}],"wp:featuredmedia":[{"embeddable":true,"href":"https:\/\/vidacityspa.com\/wp\/wp-json\/wp\/v2\/media\/6246"}],"wp:attachment":[{"href":"https:\/\/vidacityspa.com\/wp\/wp-json\/wp\/v2\/media?parent=3122"}],"curies":[{"name":"wp","href":"https:\/\/api.w.org\/{rel}","templated":true}]}}